{"id":31,"date":"2024-10-04T17:42:26","date_gmt":"2024-10-04T17:42:26","guid":{"rendered":"https:\/\/timpelmedical.com\/?page_id=31"},"modified":"2024-10-04T23:19:31","modified_gmt":"2024-10-04T23:19:31","slug":"politica-de-privacidade-e-uso-de-cookies","status":"publish","type":"page","link":"https:\/\/timpelmedical.com\/pt\/politica-de-privacidade-e-uso-de-cookies\/","title":{"rendered":"Pol\u00edtica de privacidade e uso de cookies"},"content":{"rendered":"\t\t<div data-elementor-type=\"wp-page\" data-elementor-id=\"31\" class=\"elementor elementor-31\" data-elementor-post-type=\"page\">\n\t\t\t\t<div class=\"elementor-element elementor-element-e534faf e-flex e-con-boxed e-con e-parent\" data-id=\"e534faf\" data-element_type=\"container\" data-e-type=\"container\" data-settings=\"{&quot;background_background&quot;:&quot;classic&quot;}\">\n\t\t\t\t\t<div class=\"e-con-inner\">\n\t\t\t\t<div class=\"elementor-element elementor-element-51ea9c96 elementor-widget__width-initial elementor-widget elementor-widget-heading\" data-id=\"51ea9c96\" data-element_type=\"widget\" data-e-type=\"widget\" data-widget_type=\"heading.default\">\n\t\t\t\t<div class=\"elementor-widget-container\">\n\t\t\t\t\t<h2 class=\"elementor-heading-title elementor-size-default\">Pol\u00edtica de privacidade e uso de cookies<\/h2>\t\t\t\t<\/div>\n\t\t\t\t<\/div>\n\t\t\t\t\t<\/div>\n\t\t\t\t<\/div>\n\t\t<div class=\"elementor-element elementor-element-1e7d927a e-flex e-con-boxed e-con e-parent\" data-id=\"1e7d927a\" data-element_type=\"container\" data-e-type=\"container\">\n\t\t\t\t\t<div class=\"e-con-inner\">\n\t\t\t\t<div class=\"elementor-element elementor-element-12b6a3ba elementor-widget elementor-widget-text-editor\" data-id=\"12b6a3ba\" data-element_type=\"widget\" data-e-type=\"widget\" data-widget_type=\"text-editor.default\">\n\t\t\t\t<div class=\"elementor-widget-container\">\n\t\t\t\t\t\t\t\t\t<p>Em vigor a partir de 26 de outubro de 2021. Vers\u00e3o 1.0.<\/p><p>Bem-vindo(a)!<\/p><p>Esta \u00e9 a\u00a0<strong>Pol\u00edtica de Privacidade<\/strong>\u00a0(\u201cPol\u00edtica\u201d) que reger\u00e1 o relacionamento a ser estabelecido entre voc\u00ea (\u201cusu\u00e1rio\u201d) e a Timpel em decorr\u00eancia da utiliza\u00e7\u00e3o do website da plataforma Timpel Academy, com rela\u00e7\u00e3o aos seus dados e informa\u00e7\u00f5es pessoais que eventualmente forem coletados ou gerados a partir dessa utiliza\u00e7\u00e3o.<\/p><p>A presente Pol\u00edtica explica de maneira clara e acess\u00edvel como as suas informa\u00e7\u00f5es e dados pessoais ser\u00e3o coletados, usados, compartilhados e armazenados por meio dos nossos sistemas e da nossa plataforma.<\/p><p><strong>A aceita\u00e7\u00e3o da nossa Pol\u00edtica ser\u00e1 feita mediante seu consentimento \u00e0 mesma, quando voc\u00ea, pela primeira vez, acessou o site ou a plataforma ou usou os servi\u00e7os da Timpel. Isso indicar\u00e1 que voc\u00ea est\u00e1 ciente e em total acordo com a forma como utilizaremos as suas informa\u00e7\u00f5es e seus dados.\u00a0<\/strong><\/p><p>Caso tenha d\u00favidas ou precise tratar de qualquer assunto relacionado a esta Pol\u00edtica, entre em contato conosco atrav\u00e9s do e-mail\u00a0<a href=\"mailto:timpelsecurity@timpelmedical.com\">timpelsecurity@timpelmedical.com<\/a>.<\/p><p>A presente Pol\u00edtica est\u00e1 dividida da seguinte forma para facilitar a sua compreens\u00e3o:<\/p><ol class=\"wp-block-list\" type=\"1\"><li>Gloss\u00e1rio<\/li><li>Quais informa\u00e7\u00f5es a Timpel coleta e acessa<\/li><li>Como a Timpel usa as informa\u00e7\u00f5es coletadas<\/li><li>Como, quando e com quem a Timpel compartilha suas informa\u00e7\u00f5es<\/li><li>Quais direitos voc\u00ea tem sobre as informa\u00e7\u00f5es que coletamos<\/li><li>Como a Timpel protege suas informa\u00e7\u00f5es<\/li><li>Atualiza\u00e7\u00f5es dessa pol\u00edtica de privacidade<\/li><li>Lei aplic\u00e1vel<\/li><\/ol><p><strong>1 GLOSS\u00c1RIO<\/strong><\/p><ul class=\"wp-block-list\"><li><em>Dado e\/ou informa\u00e7\u00e3o pessoal<\/em>: qualquer informa\u00e7\u00e3o relacionada ao usu\u00e1rio.<\/li><li><em>Titular<\/em>: pessoa natural a quem se referem os dados pessoais que s\u00e3o objeto de tratamento. Na presente situa\u00e7\u00e3o, o usu\u00e1rio.<\/li><li><em>Tratamento<\/em>: toda opera\u00e7\u00e3o realizada com dados pessoais, como as que se referem a coleta, produ\u00e7\u00e3o, recep\u00e7\u00e3o, classifica\u00e7\u00e3o, utiliza\u00e7\u00e3o, acesso, reprodu\u00e7\u00e3o, transmiss\u00e3o, distribui\u00e7\u00e3o, processamento, arquivamento, armazenamento, elimina\u00e7\u00e3o, avalia\u00e7\u00e3o ou controle da informa\u00e7\u00e3o, modifica\u00e7\u00e3o, comunica\u00e7\u00e3o, transfer\u00eancia, difus\u00e3o ou extra\u00e7\u00e3o.<\/li><li><em>Transfer\u00eancia internacional de dados<\/em>: transfer\u00eancia de dados pessoais para pa\u00eds estrangeiro ou organismo internacional do qual o pa\u00eds seja membro.<\/li><li><em>Bloqueio<\/em>: suspens\u00e3o tempor\u00e1ria de qualquer opera\u00e7\u00e3o de tratamento, mediante guarda do dado pessoal ou do banco de dados.<\/li><li><em>Elimina\u00e7\u00e3o<\/em>: exclus\u00e3o de dado ou de conjunto de dados armazenados em banco de dados, independentemente do procedimento empregado.<\/li><li><em>Finalidade (princ\u00edpio)<\/em>: realiza\u00e7\u00e3o do tratamento para prop\u00f3sitos leg\u00edtimos, espec\u00edficos, expl\u00edcitos e informados ao titular, sem possibilidade de tratamento posterior de forma incompat\u00edvel com essas finalidades.<\/li><\/ul><p><strong>2 QUAIS INFORMA\u00c7\u00d5ES A TIMPEL COLETA E ACESSA<\/strong><\/p><p>Para que voc\u00ea tenha acesso ao site da Plataforma Timpel Academy e para que possa utilizar e usufruir das suas funcionalidades, ser\u00e1 necess\u00e1rio que j\u00e1 tenha um cadastro pr\u00e9vio na aplica\u00e7\u00e3o. Este cadastro ser\u00e1 realizado com base nas informa\u00e7\u00f5es repassadas pela institui\u00e7\u00e3o a qual voc\u00ea est\u00e1 devidamente vinculado, tais como nome completo, endere\u00e7o de e-mail, nome da institui\u00e7\u00e3o vinculada, cargo, cidade e pa\u00eds.<\/p><p>Ao utilizar certos recursos da Timpel, voc\u00ea poder\u00e1 nos fornecer outros dados pessoais opcionalmente, como foto de identifica\u00e7\u00e3o sua.<\/p><p>Para lhe proporcionar um ambiente seguro, quando do primeiro acesso lhe ser\u00e1 enviado um e-mail com login e uma senha tempor\u00e1ria, esta \u00faltima gerada automaticamente. Ap\u00f3s o acesso do primeiro login, ser\u00e1 necess\u00e1rio que voc\u00ea altere a senha provis\u00f3ria previamente enviada para uma que lhe seja mais conveniente.<\/p><ul class=\"wp-block-list\"><li><strong>Informa\u00e7\u00f5es geradas quando voc\u00ea usa nossos servi\u00e7os<\/strong><\/li><\/ul><p>A Timpel coleta automaticamente registros de acesso \u00e0 aplica\u00e7\u00e3o, que incluem o endere\u00e7o IP, com data e hora, utilizado para acessar a Timpel. Esses dados s\u00e3o de coleta obrigat\u00f3ria, de acordo com a Lei n\u00ba 12.965\/2014, mas somente ser\u00e3o fornecidos para terceiros com a sua autoriza\u00e7\u00e3o expressa ou por meio de demanda judicial.<\/p><p>Ao utilizar certos recursos, a Timpel poder\u00e1 coletar informa\u00e7\u00f5es geradas e inseridas por voc\u00ea na plataforma educacional, como desempenho do usu\u00e1rio nos \u201c<em>quizes<\/em>\u201d e no teste final, tempo decorrido deste o \u00faltimo acesso (dias e horas) do usu\u00e1rio \u00e0 plataforma, quais as aulas assistidas pelo usu\u00e1rio na plataforma e logs de acesso do usu\u00e1rio na plataforma. A Timpel utilizar\u00e1 essas informa\u00e7\u00f5es coletadas para identificar o usu\u00e1rio na plataforma para disponibiliza\u00e7\u00e3o dos cursos relacionados ao mercado e p\u00fablico, avaliar o procedimento de treinamento e a performance geral dos usu\u00e1rios em rela\u00e7\u00e3o aos \u201c<em>quizes<\/em>\u201d e testes finais para defini\u00e7\u00e3o de novas estrat\u00e9gias de treinamento, acompanhar o desempenho educacional do usu\u00e1rio, criar novos produtos e funcionalidades, dentre outras finalidades.<\/p><p>N\u00f3s utilizamos cookies, que s\u00e3o arquivos de texto gerados e armazenados no seu navegador ou aparelho por sites, aplicativos ou an\u00fancios online. Para mais informa\u00e7\u00f5es sobre os cookies utilizados e suas finalidades, acessar a Pol\u00edtica de Cookies de nossa plataforma https:\/\/timpelacademy.com\/timpel_policy.html<\/p><p><strong>3 COMO USAMOS SUAS INFORMA\u00c7\u00d5ES<\/strong><\/p><p>Todos os dados e informa\u00e7\u00f5es sobre voc\u00ea s\u00e3o tratados como confidenciais e somente os usaremos para os fins aqui descritos e autorizados por voc\u00ea, principalmente para que voc\u00ea possa utilizar a plataforma da Timpel de forma plena, visando sempre melhorar a sua experi\u00eancia como usu\u00e1rio.<\/p><ul class=\"wp-block-list\"><li><strong>Usos autorizados<\/strong><\/li><\/ul><p>Desta forma, poderemos utilizar seus dados para uso exclusivo:<\/p><ul class=\"wp-block-list\"><li>Permitir que voc\u00ea acesse e utilize todas as funcionalidades da Plataforma Timpel Academy, desde que devidamente cadastrado;<\/li><li>Enviar a voc\u00ea mensagens a respeito de suporte ou servi\u00e7o, como alertas, notifica\u00e7\u00f5es e atualiza\u00e7\u00f5es;<\/li><li>Nos comunicar com voc\u00ea sobre produtos, servi\u00e7os, promo\u00e7\u00f5es, not\u00edcias, atualiza\u00e7\u00f5es, eventos cient\u00edficos, cursos, webinars e outros assuntos que voc\u00ea possa ter interesse, relacionadas ao uso da nossa tecnologia, bem como para dar subs\u00eddio \u00e0 Plataforma Timpel Academy para a melhora da qualidade e funcionamento de nossos servi\u00e7os;<\/li><li>Para processamento externo por nossas afiliadas ou outras empresas ou pessoas confi\u00e1veis, com base em nossas instru\u00e7\u00f5es e em conformidade com nossa Pol\u00edtica de Privacidade e quaisquer outras medidas de seguran\u00e7a e confidencialidade aplic\u00e1veis;<\/li><li>Para qualquer fim que voc\u00ea autorizar no momento da coleta de dados;<\/li><li>Cumprir obriga\u00e7\u00f5es legais.<\/li><\/ul><p>Eventualmente, poderemos utilizar dados para finalidades n\u00e3o previstas nesta Pol\u00edtica, mas estas estar\u00e3o dentro das suas leg\u00edtimas expectativas.\u00a0<strong>O eventual uso dos seus dados para finalidades que n\u00e3o cumpram com essa prerrogativa ser\u00e1 feito mediante sua autoriza\u00e7\u00e3o pr\u00e9via.<\/strong><\/p><ul class=\"wp-block-list\"><li><strong>Exclus\u00e3o dos dados<\/strong><\/li><\/ul><p>Todos os dados coletados ser\u00e3o exclu\u00eddos de nossos servidores quando voc\u00ea assim requisitar, por procedimento gratuito e facilitado, ou quando estes n\u00e3o forem mais necess\u00e1rios ou relevantes para lhe oferecemos os nossos servi\u00e7os, salvo se houver qualquer outra raz\u00e3o para a sua manuten\u00e7\u00e3o, como eventual obriga\u00e7\u00e3o legal de reten\u00e7\u00e3o de dados ou necessidade de preserva\u00e7\u00e3o destes para resguardo de direitos da Timpel.<\/p><p><strong>3.3 Prazo de conserva\u00e7\u00e3o das informa\u00e7\u00f5es<\/strong><\/p><p>Os seus dados e informa\u00e7\u00f5es pessoais ser\u00e3o conservados pelo tempo necess\u00e1rio para a presta\u00e7\u00e3o dos servi\u00e7os fornecidos pela Timpel e para cumprir os prop\u00f3sitos descritos nesta Pol\u00edtica de Privacidade, a menos que um per\u00edodo de conserva\u00e7\u00e3o diferente seja exigido ou permitido pela lei aplic\u00e1vel. No momento em que n\u00e3o precisarmos mais de suas informa\u00e7\u00f5es para fins administrativos ou legais, as excluiremos.<\/p><p>Somente manteremos seus dados pessoais pelo tempo que for razoavelmente necess\u00e1rio nas circunst\u00e2ncias descritas nesta Pol\u00edtica. Os per\u00edodos de reten\u00e7\u00e3o variam de acordo com a categoria dos dados, levando em considera\u00e7\u00e3o os requisitos legais e regulamentares, os prazos de prescri\u00e7\u00e3o para a a\u00e7\u00e3o legal, as boas pr\u00e1ticas e a base legal sobre a qual n\u00f3s processamos seus dados pessoais.<\/p><p><strong>4 COMPARTILHAMENTO DAS INFORMA\u00c7\u00d5ES<\/strong><\/p><p>A Timpel pode compartilhar as informa\u00e7\u00f5es que coleta e que tem acesso com afiliadas, provedores de servi\u00e7os ou outras empresas ou pessoas confi\u00e1veis, localizados tanto no Brasil como nos seguintes pa\u00edses: Estados Unidos e Holanda. A transfer\u00eancia apenas ser\u00e1 feita para pa\u00edses ou organiza\u00e7\u00e3o internacional que assegurem um n\u00edvel de prote\u00e7\u00e3o adequado aos seus dados.\u00a0<strong>Por meio deste documento, voc\u00ea autoriza expressamente tais compartilhamentos.<\/strong><\/p><p>A Timpel se reserva no direito de fornecer seus dados e informa\u00e7\u00f5es sobre voc\u00ea, incluindo intera\u00e7\u00f5es suas, caso seja requisitada judicialmente para tanto, ato necess\u00e1rio para que a empresa esteja em conformidade com as leis nacionais, ou caso voc\u00ea autorize expressamente.<\/p><p>A Timpel pode compartilhar informa\u00e7\u00f5es agregadas que n\u00e3o sejam pessoalmente identificadas ou identific\u00e1veis. Por exemplo, a Timpel pode compartilhar, publicamente, informa\u00e7\u00f5es anonimizadas para mostrar tend\u00eancias sobre o uso geral de nossos servi\u00e7os.<\/p><p><strong>5 DIREITOS DOS TITULARES<\/strong><\/p><p>Voc\u00ea sempre poder\u00e1 optar em n\u00e3o divulgar seus dados para n\u00f3s, mas tenha em mente que alguns desses dados podem ser necess\u00e1rios para utilizar as funcionalidades de nossas aplica\u00e7\u00f5es. Independente disso, voc\u00ea sempre possuir\u00e1 direitos relativos \u00e0 privacidade e prote\u00e7\u00e3o dos seus dados pessoais.<\/p><p>Dessa forma, abaixo resumimos todos os direitos que voc\u00ea tem sob as leis setoriais brasileiras relativas a prote\u00e7\u00e3o de dados e a Lei n\u00ba 13.709\/2018 (Lei Geral de Prote\u00e7\u00e3o de Dados Pessoais \u2013 LGPD) e que poder\u00e3o ser exercidos perante a Timpel, quais sejam:<\/p><ol class=\"wp-block-list\" type=\"a\"><li><strong>Direito de confirma\u00e7\u00e3o e acesso<\/strong>. Este direito permite que voc\u00ea possa obter da Timpel a confirma\u00e7\u00e3o de que esta trata os seus dados pessoais e, se for esse o caso, requisitar e receber uma c\u00f3pia dos dados pessoais que possu\u00edmos sobre voc\u00ea.<\/li><\/ol><ul class=\"wp-block-list\"><li><strong>Direito de retifica\u00e7\u00e3o<\/strong>. Este direito permite que voc\u00ea, a qualquer momento, possa solicitar a corre\u00e7\u00e3o e\/ou retifica\u00e7\u00e3o dos seus dados pessoais, caso identifique que alguns deles est\u00e3o incompletos, inexatos ou desatualizados. Contudo, para ser efetivada essa corre\u00e7\u00e3o, teremos que checar a validade dos dados que voc\u00ea nos fornece. Voc\u00ea pode retificar alguns dos seus dados pessoais atrav\u00e9s do encaminhamento por e-mail \u00e0\u00a0<a href=\"mailto:timpelsecurity@timpelmedical.com\">timpelsecurity@timpelmedical.com<\/a>\u00a0com o assunto \u201cAltera\u00e7\u00e3o de dados pessoais\u201d.<\/li><\/ul><ul class=\"wp-block-list\"><li><strong>Direito de exclus\u00e3o<\/strong>. Este direito permite que voc\u00ea possa nos solicitar a exclus\u00e3o dos dados pessoais que possu\u00edmos sobre voc\u00ea. Todos os dados coletados ser\u00e3o exclu\u00eddos de nossos servidores quando voc\u00ea assim requisitar ou quando estes n\u00e3o forem mais necess\u00e1rios ou relevantes para lhe oferecermos nossos servi\u00e7os, salvo se houver qualquer outra raz\u00e3o para a sua manuten\u00e7\u00e3o, como eventual obriga\u00e7\u00e3o legal de reten\u00e7\u00e3o de dados ou necessidade de preserva\u00e7\u00e3o destes para resguardo de direitos da Timpel. Para alterar suas informa\u00e7\u00f5es ou exclu\u00ed-las do nosso banco de dados, basta encaminhar por e-mail \u00e0\u00a0\u00a0<a href=\"mailto:timpelsecurity@timpelmedical.com\">timpelsecurity@timpelmedical.com<\/a>\u00a0com o assunto \u201cExclus\u00e3o de dados pessoais\u201d.<\/li><\/ul><ul class=\"wp-block-list\"><li><strong>Direito de oposi\u00e7\u00e3o ao processamento<\/strong>. Voc\u00ea tamb\u00e9m tem o direito de contestar onde e em que contexto estamos tratando seus dados pessoais para diferentes finalidades. Em determinadas situa\u00e7\u00f5es, podemos demonstrar que temos motivos leg\u00edtimos para tratar seus dados, os quais se sobrep\u00f5em aos seus direitos, caso, por exemplo, sejam essenciais para o fornecimento de nossas aplica\u00e7\u00f5es.<\/li><\/ul><ul class=\"wp-block-list\"><li><strong>Direito de solicitar a anonimiza\u00e7\u00e3o, bloqueio ou elimina\u00e7\u00e3o<\/strong>. Este direito permite que voc\u00ea nos pe\u00e7a para suspender o processamento de seus dados nos seguintes cen\u00e1rios: (a) se voc\u00ea quiser que n\u00f3s estabele\u00e7amos a precis\u00e3o dos dados; (b) quando voc\u00ea precisar que sejam mantidos os dados mesmo se n\u00e3o precisarmos mais deles, conforme necess\u00e1rio, para estabelecer, exercer ou defender reinvindica\u00e7\u00f5es legais; ou (c) se voc\u00ea se op\u00f4s ao uso de seus dados, mas nesta hip\u00f3tese precisamos verificar se temos motivos leg\u00edtimos para us\u00e1-los.<\/li><\/ul><ul class=\"wp-block-list\"><li><strong>Direito de retirar o seu consentimento<\/strong>. Voc\u00ea tem o direito de retirar o seu consentimento em rela\u00e7\u00e3o aos termos desta Pol\u00edtica. No entanto, isso n\u00e3o afetar\u00e1 a legalidade de qualquer processamento realizado anteriormente. Se voc\u00ea retirar seu consentimento, talvez n\u00e3o possamos fornecer determinados servi\u00e7os.\u00a0<\/li><\/ul><p>Talvez seja necess\u00e1rio solicitar informa\u00e7\u00f5es espec\u00edficas suas para nos ajudar a confirmar sua identidade e garantir seu direito de acessar seus dados pessoais (ou de exercer seus outros direitos). Esta \u00e9 uma medida de seguran\u00e7a para garantir que os dados pessoais n\u00e3o sejam divulgados a qualquer pessoa que n\u00e3o tenha direito de receb\u00ea-los. Podemos tamb\u00e9m contat\u00e1-lo para obter mais informa\u00e7\u00f5es em rela\u00e7\u00e3o \u00e0 sua solicita\u00e7\u00e3o, a fim de acelerar nossa resposta. Tentamos responder a todas as solicita\u00e7\u00f5es dentro de at\u00e9 5 (cinco) dias \u00fateis. Ocasionalmente, pode levar mais de 5 (cinco) dias \u00fateis se sua solicita\u00e7\u00e3o for particularmente complexa ou se voc\u00ea tiver feito v\u00e1rias solicita\u00e7\u00f5es. Neste caso, iremos comunic\u00e1-lo e mant\u00ea-lo atualizado sobre o andamento da sua solicita\u00e7\u00e3o.<\/p><p>As solicita\u00e7\u00f5es que sejam repetitivas, que requeiram esfor\u00e7o t\u00e9cnico desproporcional (por exemplo, desenvolvimento de um novo sistema ou mudan\u00e7a fundamental de uma pr\u00e1tica existente), coloquem em risco a privacidade de outros usu\u00e1rios ou que sejam impratic\u00e1veis (por exemplo, solicita\u00e7\u00f5es referentes a informa\u00e7\u00f5es localizadas em sistemas de backup) podem ser recusadas.<\/p><p>Caso voc\u00ea tenha alguma d\u00favida sobre essas quest\u00f5es e sobre como voc\u00ea pode exercer esses direitos, fique \u00e0 vontade para entrar em contato conosco no e-mail\u00a0<a href=\"mailto:timpelsecurity@timpelmedical.com\">timpelsecurity@timpelmedical.com<\/a>.<\/p><p><strong>6 SEGURAN\u00c7A DAS INFORMA\u00c7\u00d5ES<\/strong><\/p><p>Todos os seus dados s\u00e3o confidenciais e somente as pessoas com as devidas autoriza\u00e7\u00f5es ter\u00e3o acesso a eles. Qualquer uso destes estar\u00e1 de acordo com a presente Pol\u00edtica. A Timpel empreender\u00e1 todos os esfor\u00e7os razo\u00e1veis de mercado para garantir a seguran\u00e7a dos nossos sistemas e dos seus dados, empregando as medidas t\u00e9cnicas e organizativas aptas a proteger as informa\u00e7\u00f5es e dados pessoais de acessos n\u00e3o autorizados e de situa\u00e7\u00f5es de destrui\u00e7\u00e3o, perda, altera\u00e7\u00e3o, comunica\u00e7\u00e3o ou difus\u00e3o de tais dados.\u00a0<\/p><p>Para a garantia da seguran\u00e7a, ser\u00e3o adotadas solu\u00e7\u00f5es que levem em considera\u00e7\u00e3o as t\u00e9cnicas adequadas, os custos de aplica\u00e7\u00e3o, a natureza, o \u00e2mbito, o contexto e as finalidades do tratamento, e os riscos para os direitos e liberdades do usu\u00e1rio.<\/p><p>Todas as suas informa\u00e7\u00f5es ser\u00e3o, sempre que poss\u00edvel, criptografadas, caso n\u00e3o inviabilizem o seu uso pela plataforma. A qualquer momento voc\u00ea poder\u00e1 requisitar c\u00f3pia de seus dados armazenados em nossos sistemas. Manteremos os dados e informa\u00e7\u00f5es somente at\u00e9 quando estar forem necess\u00e1rias ou relevantes para as finalidades descritas nesta Pol\u00edtica, ou em caso de per\u00edodos pr\u00e9-determinados por lei, ou at\u00e9 quando estas forem necess\u00e1rias para a manuten\u00e7\u00e3o de interesses leg\u00edtimos da Timpel.<\/p><p>A Timpel considera a sua privacidade algo extremamente importante e far\u00e1 tudo que estiver ao alcance para proteg\u00ea-la. Todavia, n\u00e3o temos como garantir que todos os dados e informa\u00e7\u00f5es sobre voc\u00ea em nossa plataforma e aplica\u00e7\u00e3o estar\u00e3o livres de acessos n\u00e3o autorizados, principalmente caso haja compartilhamento indevido das credenciais necess\u00e1rias para acessar o nosso aplicativo e site. Portanto, voc\u00ea \u00e9 o \u00fanico respons\u00e1vel por manter sua senha de acesso em local seguro e \u00e9 vedado o compartilhamento desta com terceiros. Voc\u00ea tamb\u00e9m deve prezar pela prote\u00e7\u00e3o dos seus dados perante todos os canais da Timpel, se atentando em finalizar a navega\u00e7\u00e3o na plataforma de forma adequada. Voc\u00ea se compromete a notificar a Timpel imediatamente, atrav\u00e9s de meio seguro, a respeito de qualquer uso n\u00e3o autorizado de sua conta, bem como o acesso n\u00e3o autorizado por terceiros a esta.<\/p><p>A Timpel se compromete, ainda, a lhe comunicar em prazo adequado caso ocorra algum tipo de viola\u00e7\u00e3o da seguran\u00e7a de seus dados pessoais que possa lhe causar um alto risco para seus direitos e liberdades pessoais.<\/p><p><strong>7 ATUALIZA\u00c7\u00d5ES DA POL\u00cdTICA DE PRIVACIDADE<\/strong><\/p><p>A Timpel se reserva no direito de alterar essa Pol\u00edtica quantas vezes forem necess\u00e1rias, visando fornecer a voc\u00ea mais seguran\u00e7a, conveni\u00eancia e melhorar cada vez mais a sua experi\u00eancia. \u00c9 por isso que \u00e9 muito importante acessar nossa Pol\u00edtica periodicamente. Para facilitar, indicamos no in\u00edcio do documento a data da \u00faltima atualiza\u00e7\u00e3o.<\/p><p>Ao utilizar o servi\u00e7o ap\u00f3s eventuais modifica\u00e7\u00f5es, voc\u00ea demonstra sua concord\u00e2ncia com as novas normas. Caso discorde de alguma das modifica\u00e7\u00f5es, dever\u00e1 pedir, imediatamente, o cancelamento de sua conta e apresentar sua ressalva ao servi\u00e7o de atendimento, se assim o desejar.<\/p><p><strong>8 LEI APLIC\u00c1VEL<\/strong><\/p><p>Este documento \u00e9 redigido e deve ser interpretado de acordo com as leis da Rep\u00fablica Federativa do Brasil. Fica eleito o Foro da Comarca de S\u00e3o Paulo, Capital, como o competente para dirimir quaisquer quest\u00f5es porventura oriundas do presente documento, com a expressa ren\u00fancia a qualquer outro, por mais privilegiado que seja.<\/p>\t\t\t\t\t\t\t\t<\/div>\n\t\t\t\t<\/div>\n\t\t\t\t\t<\/div>\n\t\t\t\t<\/div>\n\t\t\t\t<\/div>\n\t\t","protected":false},"excerpt":{"rendered":"<p>Pol\u00edtica de privacidade e uso de cookies Em vigor a partir de 26 de outubro de 2021. Vers\u00e3o 1.0. Bem-vindo(a)! Esta \u00e9 a\u00a0Pol\u00edtica de Privacidade\u00a0(\u201cPol\u00edtica\u201d) que reger\u00e1 o relacionamento a ser estabelecido entre voc\u00ea (\u201cusu\u00e1rio\u201d) e a Timpel em decorr\u00eancia da utiliza\u00e7\u00e3o do website da plataforma Timpel Academy, com rela\u00e7\u00e3o aos seus dados e informa\u00e7\u00f5es [&hellip;]<\/p>\n","protected":false},"author":1,"featured_media":40,"parent":0,"menu_order":0,"comment_status":"closed","ping_status":"closed","template":"elementor_header_footer","meta":{"footnotes":""},"class_list":["post-31","page","type-page","status-publish","has-post-thumbnail","hentry"],"_links":{"self":[{"href":"https:\/\/timpelmedical.com\/pt\/wp-json\/wp\/v2\/pages\/31","targetHints":{"allow":["GET"]}}],"collection":[{"href":"https:\/\/timpelmedical.com\/pt\/wp-json\/wp\/v2\/pages"}],"about":[{"href":"https:\/\/timpelmedical.com\/pt\/wp-json\/wp\/v2\/types\/page"}],"author":[{"embeddable":true,"href":"https:\/\/timpelmedical.com\/pt\/wp-json\/wp\/v2\/users\/1"}],"replies":[{"embeddable":true,"href":"https:\/\/timpelmedical.com\/pt\/wp-json\/wp\/v2\/comments?post=31"}],"version-history":[{"count":0,"href":"https:\/\/timpelmedical.com\/pt\/wp-json\/wp\/v2\/pages\/31\/revisions"}],"wp:featuredmedia":[{"embeddable":true,"href":"https:\/\/timpelmedical.com\/pt\/wp-json\/wp\/v2\/media\/40"}],"wp:attachment":[{"href":"https:\/\/timpelmedical.com\/pt\/wp-json\/wp\/v2\/media?parent=31"}],"curies":[{"name":"wp","href":"https:\/\/api.w.org\/{rel}","templated":true}]}}