{"id":34,"date":"2024-10-04T17:43:06","date_gmt":"2024-10-04T17:43:06","guid":{"rendered":"https:\/\/timpelmedical.com\/?page_id=34"},"modified":"2024-10-05T00:09:12","modified_gmt":"2024-10-05T00:09:12","slug":"jobs","status":"publish","type":"page","link":"https:\/\/timpelmedical.com\/pt\/jobs\/","title":{"rendered":"Vagas"},"content":{"rendered":"\t\t<div data-elementor-type=\"wp-page\" data-elementor-id=\"34\" class=\"elementor elementor-34\" data-elementor-post-type=\"page\">\n\t\t\t\t<div class=\"elementor-element elementor-element-7e10c460 e-flex e-con-boxed e-con e-parent\" data-id=\"7e10c460\" data-element_type=\"container\" data-e-type=\"container\" data-settings=\"{&quot;background_background&quot;:&quot;classic&quot;}\">\n\t\t\t\t\t<div class=\"e-con-inner\">\n\t\t\t\t<div class=\"elementor-element elementor-element-5e529680 elementor-widget elementor-widget-heading\" data-id=\"5e529680\" data-element_type=\"widget\" data-e-type=\"widget\" data-widget_type=\"heading.default\">\n\t\t\t\t<div class=\"elementor-widget-container\">\n\t\t\t\t\t<h2 class=\"elementor-heading-title elementor-size-default\">Vagas<\/h2>\t\t\t\t<\/div>\n\t\t\t\t<\/div>\n\t\t\t\t\t<\/div>\n\t\t\t\t<\/div>\n\t\t<div class=\"elementor-element elementor-element-2cf3b87a e-flex e-con-boxed e-con e-parent\" data-id=\"2cf3b87a\" data-element_type=\"container\" data-e-type=\"container\">\n\t\t\t\t\t<div class=\"e-con-inner\">\n\t\t\t\t<div class=\"elementor-element elementor-element-6db6b039 elementor-tabs-view-horizontal elementor-widget elementor-widget-tabs\" data-id=\"6db6b039\" data-element_type=\"widget\" data-e-type=\"widget\" data-widget_type=\"tabs.default\">\n\t\t\t\t<div class=\"elementor-widget-container\">\n\t\t\t\t\t\t\t<div class=\"elementor-tabs\">\n\t\t\t<div class=\"elementor-tabs-wrapper\" role=\"tablist\" >\n\t\t\t\t\t\t\t\t\t<div id=\"elementor-tab-title-1841\" class=\"elementor-tab-title elementor-tab-desktop-title\" aria-selected=\"true\" data-tab=\"1\" role=\"tab\" tabindex=\"0\" aria-controls=\"elementor-tab-content-1841\" aria-expanded=\"false\">Brasil<\/div>\n\t\t\t\t\t\t\t\t\t<div id=\"elementor-tab-title-1842\" class=\"elementor-tab-title elementor-tab-desktop-title\" aria-selected=\"false\" data-tab=\"2\" role=\"tab\" tabindex=\"-1\" aria-controls=\"elementor-tab-content-1842\" aria-expanded=\"false\">Holanda<\/div>\n\t\t\t\t\t\t\t\t\t<div id=\"elementor-tab-title-1843\" class=\"elementor-tab-title elementor-tab-desktop-title\" aria-selected=\"false\" data-tab=\"3\" role=\"tab\" tabindex=\"-1\" aria-controls=\"elementor-tab-content-1843\" aria-expanded=\"false\">EUA<\/div>\n\t\t\t\t\t\t\t<\/div>\n\t\t\t<div class=\"elementor-tabs-content-wrapper\" role=\"tablist\" aria-orientation=\"vertical\">\n\t\t\t\t\t\t\t\t\t<div class=\"elementor-tab-title elementor-tab-mobile-title\" aria-selected=\"true\" data-tab=\"1\" role=\"tab\" tabindex=\"0\" aria-controls=\"elementor-tab-content-1841\" aria-expanded=\"false\">Brasil<\/div>\n\t\t\t\t\t<div id=\"elementor-tab-content-1841\" class=\"elementor-tab-content elementor-clearfix\" data-tab=\"1\" role=\"tabpanel\" aria-labelledby=\"elementor-tab-title-1841\" tabindex=\"0\" hidden=\"false\">Caso n\u00e3o tenha encontrado uma vaga do seu interesse, voc\u00ea pode deixar o seu curr\u00edculo em nosso banco de dados, enviando seu curriculo para\u00a0<a href=\"mailto:recrutamento@timpelmedical.com\" target=\"_blank\" rel=\"noopener\" style=\"color: #0C5BA4;\">recrutamento@timpelmedical.com<\/a><\/div>\n\t\t\t\t\t\t\t\t\t<div class=\"elementor-tab-title elementor-tab-mobile-title\" aria-selected=\"false\" data-tab=\"2\" role=\"tab\" tabindex=\"-1\" aria-controls=\"elementor-tab-content-1842\" aria-expanded=\"false\">Holanda<\/div>\n\t\t\t\t\t<div id=\"elementor-tab-content-1842\" class=\"elementor-tab-content elementor-clearfix\" data-tab=\"2\" role=\"tabpanel\" aria-labelledby=\"elementor-tab-title-1842\" tabindex=\"0\" hidden=\"hidden\">Caso n\u00e3o tenha encontrado uma vaga do seu interesse, voc\u00ea pode deixar o seu curr\u00edculo em nosso banco de dados, enviando seu curriculo para\u00a0<a href=\"mailto:recrutamento@timpelmedical.com\" target=\"_blank\" rel=\"noopener\" style=\"color: #0C5BA4;\">recrutamento@timpelmedical.com<\/a><\/div>\n\t\t\t\t\t\t\t\t\t<div class=\"elementor-tab-title elementor-tab-mobile-title\" aria-selected=\"false\" data-tab=\"3\" role=\"tab\" tabindex=\"-1\" aria-controls=\"elementor-tab-content-1843\" aria-expanded=\"false\">EUA<\/div>\n\t\t\t\t\t<div id=\"elementor-tab-content-1843\" class=\"elementor-tab-content elementor-clearfix\" data-tab=\"3\" role=\"tabpanel\" aria-labelledby=\"elementor-tab-title-1843\" tabindex=\"0\" hidden=\"hidden\">Caso n\u00e3o tenha encontrado uma vaga do seu interesse, voc\u00ea pode deixar o seu curr\u00edculo em nosso banco de dados, enviando seu curriculo para\u00a0<a href=\"mailto:recrutamento@timpelmedical.com\" target=\"_blank\" rel=\"noopener\" style=\"color: #0C5BA4;\">recrutamento@timpelmedical.com<\/a><\/div>\n\t\t\t\t\t\t\t<\/div>\n\t\t<\/div>\n\t\t\t\t\t\t<\/div>\n\t\t\t\t<\/div>\n\t\t\t\t\t<\/div>\n\t\t\t\t<\/div>\n\t\t\t\t<\/div>\n\t\t","protected":false},"excerpt":{"rendered":"<p>Vagas Brasil Holanda EUA Brasil Caso n\u00e3o tenha encontrado uma vaga do seu interesse, voc\u00ea pode deixar o seu curr\u00edculo em nosso banco de dados, enviando seu curriculo para\u00a0recrutamento@timpelmedical.com Holanda Caso n\u00e3o tenha encontrado uma vaga do seu interesse, voc\u00ea pode deixar o seu curr\u00edculo em nosso banco de dados, enviando seu curriculo para\u00a0recrutamento@timpelmedical.com EUA [&hellip;]<\/p>\n","protected":false},"author":1,"featured_media":40,"parent":0,"menu_order":0,"comment_status":"closed","ping_status":"closed","template":"elementor_header_footer","meta":{"footnotes":""},"class_list":["post-34","page","type-page","status-publish","has-post-thumbnail","hentry"],"_links":{"self":[{"href":"https:\/\/timpelmedical.com\/pt\/wp-json\/wp\/v2\/pages\/34","targetHints":{"allow":["GET"]}}],"collection":[{"href":"https:\/\/timpelmedical.com\/pt\/wp-json\/wp\/v2\/pages"}],"about":[{"href":"https:\/\/timpelmedical.com\/pt\/wp-json\/wp\/v2\/types\/page"}],"author":[{"embeddable":true,"href":"https:\/\/timpelmedical.com\/pt\/wp-json\/wp\/v2\/users\/1"}],"replies":[{"embeddable":true,"href":"https:\/\/timpelmedical.com\/pt\/wp-json\/wp\/v2\/comments?post=34"}],"version-history":[{"count":0,"href":"https:\/\/timpelmedical.com\/pt\/wp-json\/wp\/v2\/pages\/34\/revisions"}],"wp:featuredmedia":[{"embeddable":true,"href":"https:\/\/timpelmedical.com\/pt\/wp-json\/wp\/v2\/media\/40"}],"wp:attachment":[{"href":"https:\/\/timpelmedical.com\/pt\/wp-json\/wp\/v2\/media?parent=34"}],"curies":[{"name":"wp","href":"https:\/\/api.w.org\/{rel}","templated":true}]}}